{"id":466,"date":"2020-07-10T12:00:42","date_gmt":"2020-07-10T09:00:42","guid":{"rendered":"https:\/\/lorem-masaje.es\/?post_type=product&#038;p=466"},"modified":"2020-07-29T12:24:03","modified_gmt":"2020-07-29T09:24:03","slug":"guinot-mascarilla-contorno-de-ojos","status":"publish","type":"product","link":"https:\/\/lorem-masaje.es\/en\/product\/guinot-mascarilla-contorno-de-ojos\/","title":{"rendered":"GUINOT Eye Contour Mask"},"content":{"rendered":"<p>Mask with lifting effect for the eye contour.<\/p>\n<p>Smoothes wrinkles and reduces bags and ears.<\/p>\n<p>It gives immediate results.<\/p>","protected":false},"excerpt":{"rendered":"<p>4 und.<\/p>","protected":false},"featured_media":586,"template":"","meta":{"_mi_skip_tracking":false,"_monsterinsights_sitenote_active":false,"_monsterinsights_sitenote_note":"","_monsterinsights_sitenote_category":0},"product_cat":[19],"product_tag":[],"yoast_head":"<!-- This site is optimized with the Yoast SEO plugin v19.11 - https:\/\/yoast.com\/wordpress\/plugins\/seo\/ -->\n<title>GUINOT Mascarilla Contorno De Ojos - Centro Quiropr\u00e1ctico y de Quiromasaje en Barcelona. | Lorem Masaje &amp; Bienestar<\/title>\n<meta name=\"robots\" content=\"index, follow, max-snippet:-1, max-image-preview:large, max-video-preview:-1\" \/>\n<link rel=\"canonical\" href=\"https:\/\/lorem-masaje.es\/en\/product\/guinot-mascarilla-contorno-de-ojos\/\" \/>\n<meta property=\"og:locale\" content=\"en_US\" \/>\n<meta property=\"og:type\" content=\"article\" \/>\n<meta property=\"og:title\" content=\"GUINOT Mascarilla Contorno De Ojos - Centro Quiropr\u00e1ctico y de Quiromasaje en Barcelona. | Lorem Masaje &amp; Bienestar\" \/>\n<meta property=\"og:description\" content=\"4 und.\" \/>\n<meta property=\"og:url\" content=\"https:\/\/lorem-masaje.es\/en\/product\/guinot-mascarilla-contorno-de-ojos\/\" \/>\n<meta property=\"og:site_name\" content=\"Centro Quiropr\u00e1ctico y de Quiromasaje en Barcelona. | Lorem Masaje &amp; Bienestar\" \/>\n<meta property=\"article:publisher\" content=\"https:\/\/www.facebook.com\/loremmasaje\" \/>\n<meta property=\"article:modified_time\" content=\"2020-07-29T09:24:03+00:00\" \/>\n<meta property=\"og:image\" content=\"https:\/\/lorem-masaje.es\/wp-content\/uploads\/2020\/07\/Guinot-cosmetics-barcelona-Lorem-Masaje-Bienestar-11.jpg\" \/>\n\t<meta property=\"og:image:width\" content=\"600\" \/>\n\t<meta property=\"og:image:height\" content=\"800\" \/>\n\t<meta property=\"og:image:type\" content=\"image\/jpeg\" \/>\n<meta name=\"twitter:card\" content=\"summary_large_image\" \/>\n<!-- \/ Yoast SEO plugin. -->","yoast_head_json":{"title":"GUINOT Mascarilla Contorno De Ojos - Centro Quiropr\u00e1ctico y de Quiromasaje en Barcelona. | Lorem Masaje &amp; Bienestar","robots":{"index":"index","follow":"follow","max-snippet":"max-snippet:-1","max-image-preview":"max-image-preview:large","max-video-preview":"max-video-preview:-1"},"canonical":"https:\/\/lorem-masaje.es\/en\/product\/guinot-mascarilla-contorno-de-ojos\/","og_locale":"en_US","og_type":"article","og_title":"GUINOT Mascarilla Contorno De Ojos - Centro Quiropr\u00e1ctico y de Quiromasaje en Barcelona. | Lorem Masaje &amp; Bienestar","og_description":"4 und.","og_url":"https:\/\/lorem-masaje.es\/en\/product\/guinot-mascarilla-contorno-de-ojos\/","og_site_name":"Centro Quiropr\u00e1ctico y de Quiromasaje en Barcelona. | Lorem Masaje &amp; Bienestar","article_publisher":"https:\/\/www.facebook.com\/loremmasaje","article_modified_time":"2020-07-29T09:24:03+00:00","og_image":[{"width":600,"height":800,"url":"https:\/\/lorem-masaje.es\/wp-content\/uploads\/2020\/07\/Guinot-cosmetics-barcelona-Lorem-Masaje-Bienestar-11.jpg","type":"image\/jpeg"}],"twitter_card":"summary_large_image","schema":{"@context":"https:\/\/schema.org","@graph":[{"@type":"WebPage","@id":"https:\/\/lorem-masaje.es\/producto\/guinot-mascarilla-contorno-de-ojos\/","url":"https:\/\/lorem-masaje.es\/producto\/guinot-mascarilla-contorno-de-ojos\/","name":"GUINOT Mascarilla Contorno De Ojos - Centro Quiropr\u00e1ctico y de Quiromasaje en Barcelona. | Lorem Masaje &amp; Bienestar","isPartOf":{"@id":"https:\/\/lorem-masaje.es\/#website"},"datePublished":"2020-07-10T09:00:42+00:00","dateModified":"2020-07-29T09:24:03+00:00","breadcrumb":{"@id":"https:\/\/lorem-masaje.es\/producto\/guinot-mascarilla-contorno-de-ojos\/#breadcrumb"},"inLanguage":"en-US","potentialAction":[{"@type":"ReadAction","target":["https:\/\/lorem-masaje.es\/producto\/guinot-mascarilla-contorno-de-ojos\/"]}]},{"@type":"BreadcrumbList","@id":"https:\/\/lorem-masaje.es\/producto\/guinot-mascarilla-contorno-de-ojos\/#breadcrumb","itemListElement":[{"@type":"ListItem","position":1,"name":"Home","item":"https:\/\/lorem-masaje.es\/"},{"@type":"ListItem","position":2,"name":"Ofertas","item":"https:\/\/lorem-masaje.es\/ofertas-masajes-barcelona\/"},{"@type":"ListItem","position":3,"name":"GUINOT Mascarilla Contorno De Ojos"}]},{"@type":"WebSite","@id":"https:\/\/lorem-masaje.es\/#website","url":"https:\/\/lorem-masaje.es\/","name":"Centro Quiropr\u00e1ctico y de Quiromasaje en Barcelona. | Lorem Masaje & Bienestar","description":"En el centro de Quiromasaje en Barcelona Lorem hemos dise\u00f1ado un conjunto de masajes terap\u00e9uticos y masajes relajantes que pueden ayudarte en multitud de aspectos, como el alivio de la tensi\u00f3n y el dolor muscular, la relajaci\u00f3n profunda, la mejora del funcionamiento de aparato digestivo y la calidad del sue\u00f1o, a liberar emociones reprimidas y mucho m\u00e1s. Combinamos t\u00e9cnicas quiropr\u00e1cticas, osteop\u00e1ticas y de quiromasaje.","publisher":{"@id":"https:\/\/lorem-masaje.es\/#organization"},"potentialAction":[{"@type":"SearchAction","target":{"@type":"EntryPoint","urlTemplate":"https:\/\/lorem-masaje.es\/?s={search_term_string}"},"query-input":"required name=search_term_string"}],"inLanguage":"en-US"},{"@type":"Organization","@id":"https:\/\/lorem-masaje.es\/#organization","name":"Lorem Masaje & Bienestar Barcelona","url":"https:\/\/lorem-masaje.es\/","logo":{"@type":"ImageObject","inLanguage":"en-US","@id":"https:\/\/lorem-masaje.es\/#\/schema\/logo\/image\/","url":"","contentUrl":"","caption":"Lorem Masaje & Bienestar Barcelona"},"image":{"@id":"https:\/\/lorem-masaje.es\/#\/schema\/logo\/image\/"},"sameAs":["https:\/\/www.instagram.com\/lorembcn\/","https:\/\/www.facebook.com\/loremmasaje"]}]}},"_links":{"self":[{"href":"https:\/\/lorem-masaje.es\/en\/wp-json\/wp\/v2\/product\/466"}],"collection":[{"href":"https:\/\/lorem-masaje.es\/en\/wp-json\/wp\/v2\/product"}],"about":[{"href":"https:\/\/lorem-masaje.es\/en\/wp-json\/wp\/v2\/types\/product"}],"wp:featuredmedia":[{"embeddable":true,"href":"https:\/\/lorem-masaje.es\/en\/wp-json\/wp\/v2\/media\/586"}],"wp:attachment":[{"href":"https:\/\/lorem-masaje.es\/en\/wp-json\/wp\/v2\/media?parent=466"}],"wp:term":[{"taxonomy":"product_cat","embeddable":true,"href":"https:\/\/lorem-masaje.es\/en\/wp-json\/wp\/v2\/product_cat?post=466"},{"taxonomy":"product_tag","embeddable":true,"href":"https:\/\/lorem-masaje.es\/en\/wp-json\/wp\/v2\/product_tag?post=466"}],"curies":[{"name":"wp","href":"https:\/\/api.w.org\/{rel}","templated":true}]}}