{"id":312,"date":"2020-06-26T15:25:31","date_gmt":"2020-06-26T12:25:31","guid":{"rendered":"https:\/\/lorem-masaje.es\/contact\/"},"modified":"2020-11-12T15:08:21","modified_gmt":"2020-11-12T12:08:21","slug":"contactos","status":"publish","type":"page","link":"https:\/\/lorem-masaje.es\/en\/contactos\/","title":{"rendered":"Contacts:"},"content":{"rendered":"","protected":false},"excerpt":{"rendered":"","protected":false},"author":1,"featured_media":211,"parent":0,"menu_order":0,"comment_status":"closed","ping_status":"closed","template":"templates\/contact.php","meta":{"_mi_skip_tracking":false,"_monsterinsights_sitenote_active":false,"_monsterinsights_sitenote_note":"","_monsterinsights_sitenote_category":0},"yoast_head":"<!-- This site is optimized with the Yoast SEO plugin v19.11 - https:\/\/yoast.com\/wordpress\/plugins\/seo\/ -->\n<title>Contactos - Centro Quiropr\u00e1ctico y de Quiromasaje en Barcelona. | Lorem Masaje &amp; Bienestar<\/title>\n<meta name=\"description\" content=\"En el centro de Quiromasaje Barcelona Lorem Masaje &amp; Bienestar hemos dise\u00f1ado un conjunto de masajes terap\u00e9uticos y masajes relajantes para mejorar la movilidad y restablecer el equilibrio y el bienestar general. Nuestra motivaci\u00f3n es ofrecer un servicio profesional de terapias manuales para ayudarte en multitud de aspectos, como el alivio de la tensi\u00f3n y el dolor muscular, la relajaci\u00f3n profunda, la calidad del sue\u00f1o y mucho m\u00e1s. Combinamos t\u00e9cnicas quiropr\u00e1cticas, osteop\u00e1ticas y de quiromasaje. El quiromasaje se aplica en distintos campos: terap\u00e9utico, deportivo, relajante, est\u00e9tico. Las maniobras secuenciadas a nivel de piel, fascias y m\u00fasculos. Tambi\u00e9n ofrecemos masaje tailand\u00e9s, es el mejor tratamiento para las personas que no toleran el dolor asociado a masajes descontracturantes cl\u00e1sicos y prefieren t\u00e9cnicas suaves de presi\u00f3n y estiramiento estilo yoga. Tenemos todo lo que necesitas para sentirte bien, sano y lleno de energ\u00eda. El ambiente acogedor e \u00edntimo que hemos dise\u00f1ado conseguir\u00e1 desconectarte de las preocupaciones y conectarte con lo m\u00e1s importante, t\u00fa.\" \/>\n<meta name=\"robots\" content=\"index, follow, max-snippet:-1, max-image-preview:large, max-video-preview:-1\" \/>\n<link rel=\"canonical\" href=\"https:\/\/lorem-masaje.es\/en\/contactos\/\" \/>\n<meta property=\"og:locale\" content=\"en_US\" \/>\n<meta property=\"og:type\" content=\"article\" \/>\n<meta property=\"og:title\" content=\"Contactos - Centro Quiropr\u00e1ctico y de Quiromasaje en Barcelona. | Lorem Masaje &amp; Bienestar\" \/>\n<meta property=\"og:description\" content=\"En el centro de Quiromasaje Barcelona Lorem Masaje &amp; Bienestar hemos dise\u00f1ado un conjunto de masajes terap\u00e9uticos y masajes relajantes para mejorar la movilidad y restablecer el equilibrio y el bienestar general. Nuestra motivaci\u00f3n es ofrecer un servicio profesional de terapias manuales para ayudarte en multitud de aspectos, como el alivio de la tensi\u00f3n y el dolor muscular, la relajaci\u00f3n profunda, la calidad del sue\u00f1o y mucho m\u00e1s. Combinamos t\u00e9cnicas quiropr\u00e1cticas, osteop\u00e1ticas y de quiromasaje. El quiromasaje se aplica en distintos campos: terap\u00e9utico, deportivo, relajante, est\u00e9tico. Las maniobras secuenciadas a nivel de piel, fascias y m\u00fasculos. Tambi\u00e9n ofrecemos masaje tailand\u00e9s, es el mejor tratamiento para las personas que no toleran el dolor asociado a masajes descontracturantes cl\u00e1sicos y prefieren t\u00e9cnicas suaves de presi\u00f3n y estiramiento estilo yoga. Tenemos todo lo que necesitas para sentirte bien, sano y lleno de energ\u00eda. El ambiente acogedor e \u00edntimo que hemos dise\u00f1ado conseguir\u00e1 desconectarte de las preocupaciones y conectarte con lo m\u00e1s importante, t\u00fa.\" \/>\n<meta property=\"og:url\" content=\"https:\/\/lorem-masaje.es\/en\/contactos\/\" \/>\n<meta property=\"og:site_name\" content=\"Centro Quiropr\u00e1ctico y de Quiromasaje en Barcelona. | Lorem Masaje &amp; Bienestar\" \/>\n<meta property=\"article:publisher\" content=\"https:\/\/www.facebook.com\/loremmasaje\" \/>\n<meta property=\"article:modified_time\" content=\"2020-11-12T12:08:21+00:00\" \/>\n<meta property=\"og:image\" content=\"https:\/\/lorem-masaje.es\/wp-content\/uploads\/2020\/04\/INSTA_14-1-e1603456072464.jpg\" \/>\n\t<meta property=\"og:image:width\" content=\"600\" \/>\n\t<meta property=\"og:image:height\" content=\"599\" \/>\n\t<meta property=\"og:image:type\" content=\"image\/jpeg\" \/>\n<meta name=\"twitter:card\" content=\"summary_large_image\" \/>\n<!-- \/ Yoast SEO plugin. -->","yoast_head_json":{"title":"Contactos - Centro Quiropr\u00e1ctico y de Quiromasaje en Barcelona. | Lorem Masaje &amp; Bienestar","description":"En el centro de Quiromasaje Barcelona Lorem Masaje & Bienestar hemos dise\u00f1ado un conjunto de masajes terap\u00e9uticos y masajes relajantes para mejorar la movilidad y restablecer el equilibrio y el bienestar general. Nuestra motivaci\u00f3n es ofrecer un servicio profesional de terapias manuales para ayudarte en multitud de aspectos, como el alivio de la tensi\u00f3n y el dolor muscular, la relajaci\u00f3n profunda, la calidad del sue\u00f1o y mucho m\u00e1s. Combinamos t\u00e9cnicas quiropr\u00e1cticas, osteop\u00e1ticas y de quiromasaje. El quiromasaje se aplica en distintos campos: terap\u00e9utico, deportivo, relajante, est\u00e9tico. Las maniobras secuenciadas a nivel de piel, fascias y m\u00fasculos. Tambi\u00e9n ofrecemos masaje tailand\u00e9s, es el mejor tratamiento para las personas que no toleran el dolor asociado a masajes descontracturantes cl\u00e1sicos y prefieren t\u00e9cnicas suaves de presi\u00f3n y estiramiento estilo yoga. Tenemos todo lo que necesitas para sentirte bien, sano y lleno de energ\u00eda. El ambiente acogedor e \u00edntimo que hemos dise\u00f1ado conseguir\u00e1 desconectarte de las preocupaciones y conectarte con lo m\u00e1s importante, t\u00fa.","robots":{"index":"index","follow":"follow","max-snippet":"max-snippet:-1","max-image-preview":"max-image-preview:large","max-video-preview":"max-video-preview:-1"},"canonical":"https:\/\/lorem-masaje.es\/en\/contactos\/","og_locale":"en_US","og_type":"article","og_title":"Contactos - Centro Quiropr\u00e1ctico y de Quiromasaje en Barcelona. | Lorem Masaje &amp; Bienestar","og_description":"En el centro de Quiromasaje Barcelona Lorem Masaje & Bienestar hemos dise\u00f1ado un conjunto de masajes terap\u00e9uticos y masajes relajantes para mejorar la movilidad y restablecer el equilibrio y el bienestar general. Nuestra motivaci\u00f3n es ofrecer un servicio profesional de terapias manuales para ayudarte en multitud de aspectos, como el alivio de la tensi\u00f3n y el dolor muscular, la relajaci\u00f3n profunda, la calidad del sue\u00f1o y mucho m\u00e1s. Combinamos t\u00e9cnicas quiropr\u00e1cticas, osteop\u00e1ticas y de quiromasaje. El quiromasaje se aplica en distintos campos: terap\u00e9utico, deportivo, relajante, est\u00e9tico. Las maniobras secuenciadas a nivel de piel, fascias y m\u00fasculos. Tambi\u00e9n ofrecemos masaje tailand\u00e9s, es el mejor tratamiento para las personas que no toleran el dolor asociado a masajes descontracturantes cl\u00e1sicos y prefieren t\u00e9cnicas suaves de presi\u00f3n y estiramiento estilo yoga. Tenemos todo lo que necesitas para sentirte bien, sano y lleno de energ\u00eda. El ambiente acogedor e \u00edntimo que hemos dise\u00f1ado conseguir\u00e1 desconectarte de las preocupaciones y conectarte con lo m\u00e1s importante, t\u00fa.","og_url":"https:\/\/lorem-masaje.es\/en\/contactos\/","og_site_name":"Centro Quiropr\u00e1ctico y de Quiromasaje en Barcelona. | Lorem Masaje &amp; Bienestar","article_publisher":"https:\/\/www.facebook.com\/loremmasaje","article_modified_time":"2020-11-12T12:08:21+00:00","og_image":[{"width":600,"height":599,"url":"https:\/\/lorem-masaje.es\/wp-content\/uploads\/2020\/04\/INSTA_14-1-e1603456072464.jpg","type":"image\/jpeg"}],"twitter_card":"summary_large_image","schema":{"@context":"https:\/\/schema.org","@graph":[{"@type":"WebPage","@id":"https:\/\/lorem-masaje.es\/en\/contactos\/","url":"https:\/\/lorem-masaje.es\/en\/contactos\/","name":"Contactos - Centro Quiropr\u00e1ctico y de Quiromasaje en Barcelona. | Lorem Masaje &amp; Bienestar","isPartOf":{"@id":"https:\/\/lorem-masaje.es\/#website"},"datePublished":"2020-06-26T12:25:31+00:00","dateModified":"2020-11-12T12:08:21+00:00","description":"En el centro de Quiromasaje Barcelona Lorem Masaje & Bienestar hemos dise\u00f1ado un conjunto de masajes terap\u00e9uticos y masajes relajantes para mejorar la movilidad y restablecer el equilibrio y el bienestar general. Nuestra motivaci\u00f3n es ofrecer un servicio profesional de terapias manuales para ayudarte en multitud de aspectos, como el alivio de la tensi\u00f3n y el dolor muscular, la relajaci\u00f3n profunda, la calidad del sue\u00f1o y mucho m\u00e1s. Combinamos t\u00e9cnicas quiropr\u00e1cticas, osteop\u00e1ticas y de quiromasaje. El quiromasaje se aplica en distintos campos: terap\u00e9utico, deportivo, relajante, est\u00e9tico. Las maniobras secuenciadas a nivel de piel, fascias y m\u00fasculos. Tambi\u00e9n ofrecemos masaje tailand\u00e9s, es el mejor tratamiento para las personas que no toleran el dolor asociado a masajes descontracturantes cl\u00e1sicos y prefieren t\u00e9cnicas suaves de presi\u00f3n y estiramiento estilo yoga. Tenemos todo lo que necesitas para sentirte bien, sano y lleno de energ\u00eda. El ambiente acogedor e \u00edntimo que hemos dise\u00f1ado conseguir\u00e1 desconectarte de las preocupaciones y conectarte con lo m\u00e1s importante, t\u00fa.","breadcrumb":{"@id":"https:\/\/lorem-masaje.es\/en\/contactos\/#breadcrumb"},"inLanguage":"en-US","potentialAction":[{"@type":"ReadAction","target":["https:\/\/lorem-masaje.es\/en\/contactos\/"]}]},{"@type":"BreadcrumbList","@id":"https:\/\/lorem-masaje.es\/en\/contactos\/#breadcrumb","itemListElement":[{"@type":"ListItem","position":1,"name":"Home","item":"https:\/\/lorem-masaje.es\/"},{"@type":"ListItem","position":2,"name":"Contactos"}]},{"@type":"WebSite","@id":"https:\/\/lorem-masaje.es\/#website","url":"https:\/\/lorem-masaje.es\/","name":"Centro Quiropr\u00e1ctico y de Quiromasaje en Barcelona. | Lorem Masaje & Bienestar","description":"En el centro de Quiromasaje en Barcelona Lorem hemos dise\u00f1ado un conjunto de masajes terap\u00e9uticos y masajes relajantes que pueden ayudarte en multitud de aspectos, como el alivio de la tensi\u00f3n y el dolor muscular, la relajaci\u00f3n profunda, la mejora del funcionamiento de aparato digestivo y la calidad del sue\u00f1o, a liberar emociones reprimidas y mucho m\u00e1s. Combinamos t\u00e9cnicas quiropr\u00e1cticas, osteop\u00e1ticas y de quiromasaje.","publisher":{"@id":"https:\/\/lorem-masaje.es\/#organization"},"potentialAction":[{"@type":"SearchAction","target":{"@type":"EntryPoint","urlTemplate":"https:\/\/lorem-masaje.es\/?s={search_term_string}"},"query-input":"required name=search_term_string"}],"inLanguage":"en-US"},{"@type":"Organization","@id":"https:\/\/lorem-masaje.es\/#organization","name":"Lorem Masaje & Bienestar Barcelona","url":"https:\/\/lorem-masaje.es\/","logo":{"@type":"ImageObject","inLanguage":"en-US","@id":"https:\/\/lorem-masaje.es\/#\/schema\/logo\/image\/","url":"","contentUrl":"","caption":"Lorem Masaje & Bienestar Barcelona"},"image":{"@id":"https:\/\/lorem-masaje.es\/#\/schema\/logo\/image\/"},"sameAs":["https:\/\/www.instagram.com\/lorembcn\/","https:\/\/www.facebook.com\/loremmasaje"]}]}},"_links":{"self":[{"href":"https:\/\/lorem-masaje.es\/en\/wp-json\/wp\/v2\/pages\/312"}],"collection":[{"href":"https:\/\/lorem-masaje.es\/en\/wp-json\/wp\/v2\/pages"}],"about":[{"href":"https:\/\/lorem-masaje.es\/en\/wp-json\/wp\/v2\/types\/page"}],"author":[{"embeddable":true,"href":"https:\/\/lorem-masaje.es\/en\/wp-json\/wp\/v2\/users\/1"}],"replies":[{"embeddable":true,"href":"https:\/\/lorem-masaje.es\/en\/wp-json\/wp\/v2\/comments?post=312"}],"version-history":[{"count":2,"href":"https:\/\/lorem-masaje.es\/en\/wp-json\/wp\/v2\/pages\/312\/revisions"}],"predecessor-version":[{"id":431,"href":"https:\/\/lorem-masaje.es\/en\/wp-json\/wp\/v2\/pages\/312\/revisions\/431"}],"wp:featuredmedia":[{"embeddable":true,"href":"https:\/\/lorem-masaje.es\/en\/wp-json\/wp\/v2\/media\/211"}],"wp:attachment":[{"href":"https:\/\/lorem-masaje.es\/en\/wp-json\/wp\/v2\/media?parent=312"}],"curies":[{"name":"wp","href":"https:\/\/api.w.org\/{rel}","templated":true}]}}