{"id":1814,"date":"2021-02-15T19:10:12","date_gmt":"2021-02-15T16:10:12","guid":{"rendered":"https:\/\/lorem-masaje.es\/?page_id=1814"},"modified":"2023-05-26T13:23:47","modified_gmt":"2023-05-26T10:23:47","slug":"regalar-masaje-barcelona","status":"publish","type":"page","link":"https:\/\/lorem-masaje.es\/en\/regalar-masaje-barcelona\/","title":{"rendered":"Gift voucher"},"content":{"rendered":"<p class=\"has-text-align-justify\">Do not miss the opportunity to give something special for the person you love.<\/p>\n\n\n\n<p class=\"has-text-align-justify\">To buy a GIFT Voucher for massage you have to go to our center or pay through Bizum and we will send you the voucher by e-mail.<\/p>\n\n\n\n<p class=\"has-text-align-justify\">You can choose the massage you want on our page <a href=\"https:\/\/lorem-masaje.es\/en\/servicios\/\"><strong>Services<\/strong><\/a>.<\/p>\n\n\n\n<p class=\"has-text-align-justify\">The person who receives it has to contact us to arrange a day and time when it goes well. <\/p>\n\n\n\n<p class=\"has-text-align-justify\"><strong>All reservations are confirmed by WhatsApp or email<\/strong> <strong>before making the payment<\/strong>.<\/p>\n\n\n\n<figure class=\"wp-block-image size-large is-resized is-style-default\"><img decoding=\"async\" loading=\"lazy\" src=\"https:\/\/lorem-masaje.es\/wp-content\/uploads\/2021\/02\/Regalar-masajes-Barcelona.png\" alt=\"\" class=\"wp-image-1812\" width=\"437\" height=\"310\" srcset=\"https:\/\/lorem-masaje.es\/wp-content\/uploads\/2021\/02\/Regalar-masajes-Barcelona.png 873w, https:\/\/lorem-masaje.es\/wp-content\/uploads\/2021\/02\/Regalar-masajes-Barcelona-300x213.png 300w, https:\/\/lorem-masaje.es\/wp-content\/uploads\/2021\/02\/Regalar-masajes-Barcelona-768x545.png 768w, https:\/\/lorem-masaje.es\/wp-content\/uploads\/2021\/02\/Regalar-masajes-Barcelona-84x60.png 84w, https:\/\/lorem-masaje.es\/wp-content\/uploads\/2021\/02\/Regalar-masajes-Barcelona-600x426.png 600w, https:\/\/lorem-masaje.es\/wp-content\/uploads\/2021\/02\/Regalar-masajes-Barcelona-127x90.png 127w\" sizes=\"(max-width: 437px) 100vw, 437px\" \/><figcaption class=\"wp-element-caption\"><sub><sup>Tarjeta regalo<\/sup><\/sub><\/figcaption><\/figure>\n\n\n\n<p><strong>Valido 6 meses desde la fecha de compra.<\/strong><\/p>\n\n\n\n<p><em>El bono<\/em>\u00a0<strong>no puede ser usado por otra persona<\/strong> que no sea el\u00a0<em>titular<\/em>\u00a0del mismo.<\/p>\n\n\n\n<p><strong>No admitimos devoluciones<\/strong> tras una compra del bono.<\/p>\n\n\n\n<p><\/p>\n\n\n\n<p class=\"has-text-align-justify\">Thank you,<em> <strong>Lorem Massage &amp; Wellness Barcelona<\/strong><\/em><\/p>","protected":false},"excerpt":{"rendered":"<p>No pierdes la oportunidad de regalar algo especial para la persona que quieres. Para comprar un BONO REGALO de masaje hay que pasar por nuestro centro o pagar por Bizum &hellip; <\/p>","protected":false},"author":1,"featured_media":211,"parent":0,"menu_order":0,"comment_status":"closed","ping_status":"closed","template":"","meta":{"_mi_skip_tracking":false,"_monsterinsights_sitenote_active":false,"_monsterinsights_sitenote_note":"","_monsterinsights_sitenote_category":0},"yoast_head":"<!-- This site is optimized with the Yoast SEO plugin v19.11 - https:\/\/yoast.com\/wordpress\/plugins\/seo\/ -->\n<title>Bono regalo - Centro Quiropr\u00e1ctico y de Quiromasaje en Barcelona. | Lorem Masaje &amp; Bienestar<\/title>\n<meta name=\"description\" content=\"\u00bfQuieres hacer un regalo especial? No pierdes la oportunidad de regalar un masaje para la persona que quieres.\" \/>\n<meta name=\"robots\" content=\"index, follow, max-snippet:-1, max-image-preview:large, max-video-preview:-1\" \/>\n<link rel=\"canonical\" href=\"https:\/\/lorem-masaje.es\/en\/regalar-masaje-barcelona\/\" \/>\n<meta property=\"og:locale\" content=\"en_US\" \/>\n<meta property=\"og:type\" content=\"article\" \/>\n<meta property=\"og:title\" content=\"Bono regalo - Centro Quiropr\u00e1ctico y de Quiromasaje en Barcelona. | Lorem Masaje &amp; Bienestar\" \/>\n<meta property=\"og:description\" content=\"\u00bfQuieres hacer un regalo especial? No pierdes la oportunidad de regalar un masaje para la persona que quieres.\" \/>\n<meta property=\"og:url\" content=\"https:\/\/lorem-masaje.es\/en\/regalar-masaje-barcelona\/\" \/>\n<meta property=\"og:site_name\" content=\"Centro Quiropr\u00e1ctico y de Quiromasaje en Barcelona. | Lorem Masaje &amp; Bienestar\" \/>\n<meta property=\"article:publisher\" content=\"https:\/\/www.facebook.com\/loremmasaje\" \/>\n<meta property=\"article:modified_time\" content=\"2023-05-26T10:23:47+00:00\" \/>\n<meta property=\"og:image\" content=\"https:\/\/lorem-masaje.es\/wp-content\/uploads\/2020\/04\/INSTA_14-1-e1603456072464.jpg\" \/>\n\t<meta property=\"og:image:width\" content=\"600\" \/>\n\t<meta property=\"og:image:height\" content=\"599\" \/>\n\t<meta property=\"og:image:type\" content=\"image\/jpeg\" \/>\n<meta name=\"twitter:card\" content=\"summary_large_image\" \/>\n<meta name=\"twitter:label1\" content=\"Est. reading time\" \/>\n\t<meta name=\"twitter:data1\" content=\"1 minute\" \/>\n<!-- \/ Yoast SEO plugin. -->","yoast_head_json":{"title":"Bono regalo - Centro Quiropr\u00e1ctico y de Quiromasaje en Barcelona. | Lorem Masaje &amp; Bienestar","description":"\u00bfQuieres hacer un regalo especial? No pierdes la oportunidad de regalar un masaje para la persona que quieres.","robots":{"index":"index","follow":"follow","max-snippet":"max-snippet:-1","max-image-preview":"max-image-preview:large","max-video-preview":"max-video-preview:-1"},"canonical":"https:\/\/lorem-masaje.es\/en\/regalar-masaje-barcelona\/","og_locale":"en_US","og_type":"article","og_title":"Bono regalo - Centro Quiropr\u00e1ctico y de Quiromasaje en Barcelona. | Lorem Masaje &amp; Bienestar","og_description":"\u00bfQuieres hacer un regalo especial? No pierdes la oportunidad de regalar un masaje para la persona que quieres.","og_url":"https:\/\/lorem-masaje.es\/en\/regalar-masaje-barcelona\/","og_site_name":"Centro Quiropr\u00e1ctico y de Quiromasaje en Barcelona. | Lorem Masaje &amp; Bienestar","article_publisher":"https:\/\/www.facebook.com\/loremmasaje","article_modified_time":"2023-05-26T10:23:47+00:00","og_image":[{"width":600,"height":599,"url":"https:\/\/lorem-masaje.es\/wp-content\/uploads\/2020\/04\/INSTA_14-1-e1603456072464.jpg","type":"image\/jpeg"}],"twitter_card":"summary_large_image","twitter_misc":{"Est. reading time":"1 minute"},"schema":{"@context":"https:\/\/schema.org","@graph":[{"@type":"WebPage","@id":"https:\/\/lorem-masaje.es\/regalar-masaje-barcelona\/","url":"https:\/\/lorem-masaje.es\/regalar-masaje-barcelona\/","name":"Bono regalo - Centro Quiropr\u00e1ctico y de Quiromasaje en Barcelona. | Lorem Masaje &amp; Bienestar","isPartOf":{"@id":"https:\/\/lorem-masaje.es\/#website"},"datePublished":"2021-02-15T16:10:12+00:00","dateModified":"2023-05-26T10:23:47+00:00","description":"\u00bfQuieres hacer un regalo especial? No pierdes la oportunidad de regalar un masaje para la persona que quieres.","breadcrumb":{"@id":"https:\/\/lorem-masaje.es\/regalar-masaje-barcelona\/#breadcrumb"},"inLanguage":"en-US","potentialAction":[{"@type":"ReadAction","target":["https:\/\/lorem-masaje.es\/regalar-masaje-barcelona\/"]}]},{"@type":"BreadcrumbList","@id":"https:\/\/lorem-masaje.es\/regalar-masaje-barcelona\/#breadcrumb","itemListElement":[{"@type":"ListItem","position":1,"name":"Home","item":"https:\/\/lorem-masaje.es\/"},{"@type":"ListItem","position":2,"name":"Bono regalo"}]},{"@type":"WebSite","@id":"https:\/\/lorem-masaje.es\/#website","url":"https:\/\/lorem-masaje.es\/","name":"Centro Quiropr\u00e1ctico y de Quiromasaje en Barcelona. | Lorem Masaje & Bienestar","description":"En el centro de Quiromasaje en Barcelona Lorem hemos dise\u00f1ado un conjunto de masajes terap\u00e9uticos y masajes relajantes que pueden ayudarte en multitud de aspectos, como el alivio de la tensi\u00f3n y el dolor muscular, la relajaci\u00f3n profunda, la mejora del funcionamiento de aparato digestivo y la calidad del sue\u00f1o, a liberar emociones reprimidas y mucho m\u00e1s. Combinamos t\u00e9cnicas quiropr\u00e1cticas, osteop\u00e1ticas y de quiromasaje.","publisher":{"@id":"https:\/\/lorem-masaje.es\/#organization"},"potentialAction":[{"@type":"SearchAction","target":{"@type":"EntryPoint","urlTemplate":"https:\/\/lorem-masaje.es\/?s={search_term_string}"},"query-input":"required name=search_term_string"}],"inLanguage":"en-US"},{"@type":"Organization","@id":"https:\/\/lorem-masaje.es\/#organization","name":"Lorem Masaje & Bienestar Barcelona","url":"https:\/\/lorem-masaje.es\/","logo":{"@type":"ImageObject","inLanguage":"en-US","@id":"https:\/\/lorem-masaje.es\/#\/schema\/logo\/image\/","url":"","contentUrl":"","caption":"Lorem Masaje & Bienestar Barcelona"},"image":{"@id":"https:\/\/lorem-masaje.es\/#\/schema\/logo\/image\/"},"sameAs":["https:\/\/www.instagram.com\/lorembcn\/","https:\/\/www.facebook.com\/loremmasaje"]}]}},"_links":{"self":[{"href":"https:\/\/lorem-masaje.es\/en\/wp-json\/wp\/v2\/pages\/1814"}],"collection":[{"href":"https:\/\/lorem-masaje.es\/en\/wp-json\/wp\/v2\/pages"}],"about":[{"href":"https:\/\/lorem-masaje.es\/en\/wp-json\/wp\/v2\/types\/page"}],"author":[{"embeddable":true,"href":"https:\/\/lorem-masaje.es\/en\/wp-json\/wp\/v2\/users\/1"}],"replies":[{"embeddable":true,"href":"https:\/\/lorem-masaje.es\/en\/wp-json\/wp\/v2\/comments?post=1814"}],"version-history":[{"count":26,"href":"https:\/\/lorem-masaje.es\/en\/wp-json\/wp\/v2\/pages\/1814\/revisions"}],"predecessor-version":[{"id":2265,"href":"https:\/\/lorem-masaje.es\/en\/wp-json\/wp\/v2\/pages\/1814\/revisions\/2265"}],"wp:featuredmedia":[{"embeddable":true,"href":"https:\/\/lorem-masaje.es\/en\/wp-json\/wp\/v2\/media\/211"}],"wp:attachment":[{"href":"https:\/\/lorem-masaje.es\/en\/wp-json\/wp\/v2\/media?parent=1814"}],"curies":[{"name":"wp","href":"https:\/\/api.w.org\/{rel}","templated":true}]}}