{"id":107,"date":"2020-04-07T19:20:53","date_gmt":"2020-04-07T16:20:53","guid":{"rendered":"https:\/\/lorem-masaje.es\/?page_id=107"},"modified":"2021-02-24T18:31:28","modified_gmt":"2021-02-24T15:31:28","slug":"quiromasaje-barcelona","status":"publish","type":"page","link":"https:\/\/lorem-masaje.es\/en\/quiromasaje-barcelona\/","title":{"rendered":"About us"},"content":{"rendered":"<h1 class=\"has-text-align-center has-black-color has-text-color\" style=\"font-size:35px\"><strong>Center <\/strong>from<strong> quiromassage in Barcelona<\/strong> <strong>Lorem Massage &amp; Wellness<\/strong> <\/h1>\n\n\n\n<div class=\"is-layout-flow wp-block-group\"><div class=\"wp-block-group__inner-container\">\n<blockquote class=\"wp-block-quote has-text-align-center is-style-default\"><p>&quot;The&nbsp;<strong>massage<\/strong>&nbsp;it&#039;s something you can start&nbsp;<strong>to<\/strong>&nbsp;learn, but you&#039;ll never finish. It goes on and on, and the experience continually gets more&nbsp;<strong>massage<\/strong>, is a&nbsp;<strong>from<\/strong>&nbsp;the subtlest arts, and it&#039;s not just a question&nbsp;<strong>from<\/strong>&nbsp;experience. It&#039;s more of a question&nbsp;<strong>from<\/strong>&nbsp;Love ... Learn the technique, then forget it. \u00bb<\/p><cite>- Osho -<\/cite><\/blockquote>\n\n\n\n<hr class=\"wp-block-separator is-style-dots\"\/>\n<\/div><\/div>\n\n\n\n<p class=\"has-text-align-justify\"><strong>Lorem Massage &amp; Wellness<\/strong> it&#039;s a <strong>chiropractic center <\/strong>and of<strong> quiromassage in Barcelona<\/strong>. It is located between the neighborhood of <strong>Les Corts and Sants-Montjuic<\/strong>. Our motivation, above all, is to offer a professional manual therapy service. We focus on relaxation and treatment of neuromusculoskeletal system dysfunctions. It is very important to improve mobility and restore balance and general well-being. For this, our professionals combine techniques <strong>chiropractic<\/strong>, <strong>osteopathic<\/strong> and of <strong>chiromassage<\/strong>. <\/p>\n\n\n\n<p class=\"has-text-align-center\"><strong>Our specialties are:&nbsp;<\/strong><\/p>\n\n\n\n<ul><li><strong>Chiropractic massage<\/strong> or from <strong>osteopathy<\/strong> (treatment of <strong>herniated disc<\/strong>, <strong>scoliosis<\/strong>,<strong> low back pain, cervical pain, back pain<\/strong>, <strong>tendinitis<\/strong>,<strong> migraines, dizziness, bruxism<\/strong>, <strong>tinnitus<\/strong> etc.).<\/li><li><strong>Therapeutic massage<\/strong> (<strong>chiromassage<\/strong>, <strong>stretching massage<\/strong>).<\/li><li><strong>Sport massage<\/strong>.<\/li><li><strong>Relaxing massage<\/strong> (<strong>aromatherapy<\/strong>).<\/li><li><strong>Relieving massage<\/strong> (<strong>deep tissue massage<\/strong>, <strong>deep tissue massage<\/strong>).<\/li><li><strong>Aesthetic massage <\/strong>(reduction of <strong>Abdominal fat<\/strong>, <strong>Facial massage<\/strong>, <strong>body peeling<\/strong>).<\/li><li><strong>Thai massage<\/strong>.<\/li><li><strong>Japanese Shiatsu massage<\/strong>.<\/li><li><strong>Auriculotherapy<\/strong>. It goes very well for people who want <strong>give up smoking<\/strong>, <strong>lose or balance weight<\/strong>, have <strong>fluid retention<\/strong>yes, they suffer from <strong>anxiety<\/strong>, of the <strong>dizziness<\/strong>, <strong>dizziness<\/strong> or <strong>migraines<\/strong>.<\/li><\/ul>\n\n\n\n<figure class=\"is-layout-flex wp-block-gallery-2 wp-block-gallery aligncenter columns-3 is-cropped\"><ul class=\"blocks-gallery-grid\"><li class=\"blocks-gallery-item\"><figure><img decoding=\"async\" loading=\"lazy\" width=\"370\" height=\"247\" src=\"https:\/\/lorem-masaje.es\/wp-content\/uploads\/2020\/09\/masaje8-370x247.jpg\" alt=\"Centro de quiromasaje Barcelona-Lorem Masaje &amp; Bienestar\" data-id=\"644\" data-full-url=\"https:\/\/lorem-masaje.es\/wp-content\/uploads\/2020\/09\/masaje8-e1598978961390.jpg\" data-link=\"https:\/\/lorem-masaje.es\/masaje8\/\" class=\"wp-image-644\"\/><\/figure><\/li><li class=\"blocks-gallery-item\"><figure><img decoding=\"async\" loading=\"lazy\" width=\"370\" height=\"247\" src=\"https:\/\/lorem-masaje.es\/wp-content\/uploads\/2020\/07\/Photo-27.05.2020-15-05-09-1-370x247.jpg\" alt=\"centro-quiropr\u00e1ctico-y-de-quiromasaje-en-Barcelona-Lorem-Masaje-Bienestar\" data-id=\"540\" data-full-url=\"https:\/\/lorem-masaje.es\/wp-content\/uploads\/2020\/07\/Photo-27.05.2020-15-05-09-1-scaled-e1603719171470.jpg\" data-link=\"https:\/\/lorem-masaje.es\/processed-with-vsco-with-a4-preset-20\/\" class=\"wp-image-540\"\/><\/figure><\/li><li class=\"blocks-gallery-item\"><figure><img decoding=\"async\" loading=\"lazy\" width=\"370\" height=\"247\" src=\"https:\/\/lorem-masaje.es\/wp-content\/uploads\/2020\/11\/espalda_cuello_hombros-370x247.png\" alt=\"Centro de quiromasaje Barcelona-Lorem Masaje &amp; Bienestar\" data-id=\"1345\" data-full-url=\"https:\/\/lorem-masaje.es\/wp-content\/uploads\/2020\/11\/espalda_cuello_hombros-e1605529033520.png\" data-link=\"https:\/\/lorem-masaje.es\/quiromasaje-barcelona\/espalda_cuello_hombros\/\" class=\"wp-image-1345\"\/><\/figure><\/li><\/ul><\/figure>\n\n\n\n<p class=\"has-text-align-justify\">On <strong>Lorem Massage &amp; Wellness Barcelona<\/strong> we have designed a set of <strong>therapeutic massages<\/strong> Y <strong>relaxing massages<\/strong>. We are convinced that we can help you in a multitude of aspects. Above all, such as stress relief and <strong>Muscle pain<\/strong>. However, you will get deep relaxation, improved digestive system function and quality of sleep. Finally, we help you release pent-up emotions and much more. <\/p>\n\n\n\n<p class=\"has-text-align-justify\">For people who cannot tolerate pain associated with <strong>decontracting massages<\/strong> classics, for those who prefer gentle yoga-style pressure and stretching techniques we offer <strong>Thai massage<\/strong> Y <strong>Japanese Shiatsu massage<\/strong>. The duration of a <strong>therapeutic massage<\/strong>, <strong>thai massage <\/strong>or<strong> relaxing massage<\/strong> It ranges from 30 minutes to an hour and a half, so we adapt to your needs.\u00a0<\/p>\n\n\n\n<figure class=\"is-layout-flex wp-block-gallery-4 wp-block-gallery aligncenter columns-3 is-cropped\"><ul class=\"blocks-gallery-grid\"><li class=\"blocks-gallery-item\"><figure><img decoding=\"async\" loading=\"lazy\" width=\"370\" height=\"247\" src=\"https:\/\/lorem-masaje.es\/wp-content\/uploads\/2020\/07\/Photo-01.06.2020-14-45-52-1-370x247.jpg\" alt=\"\" data-id=\"539\" data-full-url=\"https:\/\/lorem-masaje.es\/wp-content\/uploads\/2020\/07\/Photo-01.06.2020-14-45-52-1-scaled.jpg\" data-link=\"https:\/\/lorem-masaje.es\/processed-with-vsco-with-a4-preset-19\/\" class=\"wp-image-539\" srcset=\"https:\/\/lorem-masaje.es\/wp-content\/uploads\/2020\/07\/Photo-01.06.2020-14-45-52-1-370x247.jpg 370w, https:\/\/lorem-masaje.es\/wp-content\/uploads\/2020\/07\/Photo-01.06.2020-14-45-52-1-776x517.jpg 776w\" sizes=\"(max-width: 370px) 100vw, 370px\" \/><\/figure><\/li><li class=\"blocks-gallery-item\"><figure><img decoding=\"async\" loading=\"lazy\" width=\"370\" height=\"247\" src=\"https:\/\/lorem-masaje.es\/wp-content\/uploads\/2020\/10\/dentro-Copy-370x247.jpg\" alt=\"Centro de quiromasaje Barcelona-Lorem Masaje &amp; Bienestar\" data-id=\"771\" data-full-url=\"https:\/\/lorem-masaje.es\/wp-content\/uploads\/2020\/10\/dentro-Copy.jpg\" data-link=\"https:\/\/lorem-masaje.es\/dentro-copy\/\" class=\"wp-image-771\"\/><\/figure><\/li><li class=\"blocks-gallery-item\"><figure><img decoding=\"async\" loading=\"lazy\" width=\"370\" height=\"247\" src=\"https:\/\/lorem-masaje.es\/wp-content\/uploads\/2020\/07\/Photo-01.06.2020-14-37-40-370x247.jpg\" alt=\"\" data-id=\"536\" data-full-url=\"https:\/\/lorem-masaje.es\/wp-content\/uploads\/2020\/07\/Photo-01.06.2020-14-37-40-scaled.jpg\" data-link=\"https:\/\/lorem-masaje.es\/processed-with-vsco-with-a4-preset-16\/\" class=\"wp-image-536\" srcset=\"https:\/\/lorem-masaje.es\/wp-content\/uploads\/2020\/07\/Photo-01.06.2020-14-37-40-370x247.jpg 370w, https:\/\/lorem-masaje.es\/wp-content\/uploads\/2020\/07\/Photo-01.06.2020-14-37-40-776x517.jpg 776w\" sizes=\"(max-width: 370px) 100vw, 370px\" \/><\/figure><\/li><\/ul><\/figure>\n\n\n\n<p class=\"has-text-align-justify\">In the <strong>chiropractic center <\/strong>and of<strong> quiromassage in Barcelona<\/strong> Lorem we are convinced that the treatment of contractures or <strong>muscle pains<\/strong> and the improvement of well-being must be approached both physically, mentally and emotionally. Certainly resting the mind can be more effective than any manipulation. Especially to get effective pain relief and even to improve your appearance. <\/p>\n\n\n\n<p class=\"has-text-align-justify\">From the moment you walk through the door of the center, the cozy and intimate atmosphere that we have designed will get you disconnected from worries and connected with the most important thing, you.<strong>. <\/strong>We have only two treatment rooms. Our professionals are sensitive people who know how to listen. They speak Spanish, English and Russian.<\/p>\n\n\n\n<figure class=\"is-layout-flex wp-block-gallery-6 wp-block-gallery aligncenter columns-3 is-cropped\"><ul class=\"blocks-gallery-grid\"><li class=\"blocks-gallery-item\"><figure><img decoding=\"async\" loading=\"lazy\" width=\"370\" height=\"247\" src=\"https:\/\/lorem-masaje.es\/wp-content\/uploads\/2020\/10\/dentro2-370x247.jpg\" alt=\"Centro de quiromasaje Barcelona-Lorem Masaje &amp; Bienestar\" data-id=\"773\" data-full-url=\"https:\/\/lorem-masaje.es\/wp-content\/uploads\/2020\/10\/dentro2.jpg\" data-link=\"https:\/\/lorem-masaje.es\/dentro2\/\" class=\"wp-image-773\"\/><figcaption class=\"blocks-gallery-item__caption\"> <\/figcaption><\/figure><\/li><li class=\"blocks-gallery-item\"><figure><img decoding=\"async\" loading=\"lazy\" width=\"370\" height=\"247\" src=\"https:\/\/lorem-masaje.es\/wp-content\/uploads\/2020\/10\/cremas-Copy-370x247.jpg\" alt=\"Centro de quiromasaje Barcelona-Lorem Masaje &amp; Bienestar\" data-id=\"770\" data-full-url=\"https:\/\/lorem-masaje.es\/wp-content\/uploads\/2020\/10\/cremas-Copy.jpg\" data-link=\"https:\/\/lorem-masaje.es\/cremas-copy\/\" class=\"wp-image-770\"\/><\/figure><\/li><li class=\"blocks-gallery-item\"><figure><img decoding=\"async\" loading=\"lazy\" width=\"370\" height=\"247\" src=\"https:\/\/lorem-masaje.es\/wp-content\/uploads\/2020\/07\/Masaje-Barcelona-Lorem-Masaje-Bienestar-370x247.jpg\" alt=\"Masaje-Barcelona-Lorem-Masaje-Bienestar\" data-id=\"588\" data-full-url=\"https:\/\/lorem-masaje.es\/wp-content\/uploads\/2020\/07\/Masaje-Barcelona-Lorem-Masaje-Bienestar.jpg\" data-link=\"https:\/\/lorem-masaje.es\/lorem-masaje-bienestar-barcelona-22\/\" class=\"wp-image-588\" srcset=\"https:\/\/lorem-masaje.es\/wp-content\/uploads\/2020\/07\/Masaje-Barcelona-Lorem-Masaje-Bienestar-370x247.jpg 370w, https:\/\/lorem-masaje.es\/wp-content\/uploads\/2020\/07\/Masaje-Barcelona-Lorem-Masaje-Bienestar-776x517.jpg 776w\" sizes=\"(max-width: 370px) 100vw, 370px\" \/><\/figure><\/li><\/ul><\/figure>\n\n\n\n<p class=\"has-text-align-justify\">Now in Lorem downtown<strong> quiromassage in Barcelona <\/strong>we also offer other services. What<strong> facial treatment <\/strong>Y <strong>body treatment <\/strong>so that you look as good from the inside as from the outside. We invite you to take a break in your day-to-day life. Come visit us at our center to try the best <strong>quiromassage in Barcelona<\/strong>. <\/p>\n\n\n\n<p class=\"has-text-align-justify\">We are located 15 minutes walk from <strong>Plaza Spain<\/strong> and 5 minutes from <strong>Barcelona Sants<\/strong>. To get there by metro you can get off at <strong>Sants Station<\/strong> or in <strong>Center Square<\/strong>. We are open from Monday to Friday from 10:00 to 20:00. We recommend that you make an appointment in advance with our<strong> massage therapist <\/strong>Y<strong> osteopath <\/strong>by Whatsapp. Especially if you want an appointment in the afternoon since they are the most requested bands.<\/p>\n\n\n\n<div class=\"wp-block-image\"><figure class=\"aligncenter size-large is-resized\"><img decoding=\"async\" loading=\"lazy\" src=\"https:\/\/lorem-masaje.es\/wp-content\/uploads\/2020\/07\/quiropractico-Barcelona-Lorem-Masaje-Bienestar-3-e1603456289171.jpg\" alt=\"quiromasaje Barcelona-Lorem Masaje &amp; Bienestar\" class=\"wp-image-603\" width=\"500\" height=\"500\"\/><\/figure><\/div>\n\n\n\n<div class=\"wp-block-jetpack-send-a-message\">\n<div class=\"wp-block-jetpack-whatsapp-button is-color-dark\"><a class=\"whatsapp-block__button\" href=\"https:\/\/api.whatsapp.com\/send?phone=34603462884&amp;text=Hi%2C%20I%20got%20your%20WhatsApp%20information%20from%20your%20website.\" style=\"background-color:#25D366;color:#fff\" target=\"_self\" rel=\"noopener noreferrer\">WhatsApp<\/a><\/div>\n<\/div>\n\n\n\n<p><\/p>","protected":false},"excerpt":{"rendered":"<p>Centro de quiromasaje en Barcelona Lorem Masaje &amp; Bienestar \u00abEl&nbsp;masaje&nbsp;es algo que puedes empezar&nbsp;a&nbsp;aprender, pero que nunca terminar\u00e1s. Sigue y sigue, y la experiencia continuamente se hace m\u00e1s&nbsp;masaje, es una&nbsp;de&nbsp;las &hellip; <\/p>","protected":false},"author":1,"featured_media":211,"parent":0,"menu_order":0,"comment_status":"closed","ping_status":"closed","template":"","meta":{"_mi_skip_tracking":false,"_monsterinsights_sitenote_active":false,"_monsterinsights_sitenote_note":"","_monsterinsights_sitenote_category":0},"yoast_head":"<!-- This site is optimized with the Yoast SEO plugin v19.11 - https:\/\/yoast.com\/wordpress\/plugins\/seo\/ -->\n<title>Qui\u00e9nes Somos - Centro Quiropr\u00e1ctico y de Quiromasaje en Barcelona. | Lorem Masaje &amp; Bienestar<\/title>\n<meta name=\"description\" content=\"El centro de Quiromasaje Barcelona Lorem Masaje &amp; Bienestar. Nuestra motivaci\u00f3n es ofrecer un servicio profesional de terapias manuales. Combinamos t\u00e9cnicas quiropr\u00e1cticas, osteop\u00e1ticas y de quiromasaje.\" \/>\n<meta name=\"robots\" content=\"index, follow, max-snippet:-1, max-image-preview:large, max-video-preview:-1\" \/>\n<link rel=\"canonical\" href=\"https:\/\/lorem-masaje.es\/en\/quiromasaje-barcelona\/\" \/>\n<meta property=\"og:locale\" content=\"en_US\" \/>\n<meta property=\"og:type\" content=\"article\" \/>\n<meta property=\"og:title\" content=\"Qui\u00e9nes Somos - Centro Quiropr\u00e1ctico y de Quiromasaje en Barcelona. | Lorem Masaje &amp; Bienestar\" \/>\n<meta property=\"og:description\" content=\"El centro de Quiromasaje Barcelona Lorem Masaje &amp; Bienestar. Nuestra motivaci\u00f3n es ofrecer un servicio profesional de terapias manuales. Combinamos t\u00e9cnicas quiropr\u00e1cticas, osteop\u00e1ticas y de quiromasaje.\" \/>\n<meta property=\"og:url\" content=\"https:\/\/lorem-masaje.es\/en\/quiromasaje-barcelona\/\" \/>\n<meta property=\"og:site_name\" content=\"Centro Quiropr\u00e1ctico y de Quiromasaje en Barcelona. | Lorem Masaje &amp; Bienestar\" \/>\n<meta property=\"article:publisher\" content=\"https:\/\/www.facebook.com\/loremmasaje\" \/>\n<meta property=\"article:modified_time\" content=\"2021-02-24T15:31:28+00:00\" \/>\n<meta property=\"og:image\" content=\"https:\/\/lorem-masaje.es\/wp-content\/uploads\/2020\/04\/INSTA_14-1-e1603456072464.jpg\" \/>\n\t<meta property=\"og:image:width\" content=\"600\" \/>\n\t<meta property=\"og:image:height\" content=\"599\" \/>\n\t<meta property=\"og:image:type\" content=\"image\/jpeg\" \/>\n<meta name=\"twitter:card\" content=\"summary_large_image\" \/>\n<meta name=\"twitter:label1\" content=\"Est. reading time\" \/>\n\t<meta name=\"twitter:data1\" content=\"5 minutes\" \/>\n<!-- \/ Yoast SEO plugin. -->","yoast_head_json":{"title":"Qui\u00e9nes Somos - Centro Quiropr\u00e1ctico y de Quiromasaje en Barcelona. | Lorem Masaje &amp; Bienestar","description":"El centro de Quiromasaje Barcelona Lorem Masaje & Bienestar. Nuestra motivaci\u00f3n es ofrecer un servicio profesional de terapias manuales. Combinamos t\u00e9cnicas quiropr\u00e1cticas, osteop\u00e1ticas y de quiromasaje.","robots":{"index":"index","follow":"follow","max-snippet":"max-snippet:-1","max-image-preview":"max-image-preview:large","max-video-preview":"max-video-preview:-1"},"canonical":"https:\/\/lorem-masaje.es\/en\/quiromasaje-barcelona\/","og_locale":"en_US","og_type":"article","og_title":"Qui\u00e9nes Somos - Centro Quiropr\u00e1ctico y de Quiromasaje en Barcelona. | Lorem Masaje &amp; Bienestar","og_description":"El centro de Quiromasaje Barcelona Lorem Masaje & Bienestar. Nuestra motivaci\u00f3n es ofrecer un servicio profesional de terapias manuales. Combinamos t\u00e9cnicas quiropr\u00e1cticas, osteop\u00e1ticas y de quiromasaje.","og_url":"https:\/\/lorem-masaje.es\/en\/quiromasaje-barcelona\/","og_site_name":"Centro Quiropr\u00e1ctico y de Quiromasaje en Barcelona. | Lorem Masaje &amp; Bienestar","article_publisher":"https:\/\/www.facebook.com\/loremmasaje","article_modified_time":"2021-02-24T15:31:28+00:00","og_image":[{"width":600,"height":599,"url":"https:\/\/lorem-masaje.es\/wp-content\/uploads\/2020\/04\/INSTA_14-1-e1603456072464.jpg","type":"image\/jpeg"}],"twitter_card":"summary_large_image","twitter_misc":{"Est. reading time":"5 minutes"},"schema":{"@context":"https:\/\/schema.org","@graph":[{"@type":"WebPage","@id":"https:\/\/lorem-masaje.es\/quiromasaje-barcelona\/","url":"https:\/\/lorem-masaje.es\/quiromasaje-barcelona\/","name":"Qui\u00e9nes Somos - Centro Quiropr\u00e1ctico y de Quiromasaje en Barcelona. | Lorem Masaje &amp; Bienestar","isPartOf":{"@id":"https:\/\/lorem-masaje.es\/#website"},"datePublished":"2020-04-07T16:20:53+00:00","dateModified":"2021-02-24T15:31:28+00:00","description":"El centro de Quiromasaje Barcelona Lorem Masaje & Bienestar. Nuestra motivaci\u00f3n es ofrecer un servicio profesional de terapias manuales. Combinamos t\u00e9cnicas quiropr\u00e1cticas, osteop\u00e1ticas y de quiromasaje.","breadcrumb":{"@id":"https:\/\/lorem-masaje.es\/quiromasaje-barcelona\/#breadcrumb"},"inLanguage":"en-US","potentialAction":[{"@type":"ReadAction","target":["https:\/\/lorem-masaje.es\/quiromasaje-barcelona\/"]}]},{"@type":"BreadcrumbList","@id":"https:\/\/lorem-masaje.es\/quiromasaje-barcelona\/#breadcrumb","itemListElement":[{"@type":"ListItem","position":1,"name":"Home","item":"https:\/\/lorem-masaje.es\/"},{"@type":"ListItem","position":2,"name":"Qui\u00e9nes Somos"}]},{"@type":"WebSite","@id":"https:\/\/lorem-masaje.es\/#website","url":"https:\/\/lorem-masaje.es\/","name":"Centro Quiropr\u00e1ctico y de Quiromasaje en Barcelona. | Lorem Masaje & Bienestar","description":"En el centro de Quiromasaje en Barcelona Lorem hemos dise\u00f1ado un conjunto de masajes terap\u00e9uticos y masajes relajantes que pueden ayudarte en multitud de aspectos, como el alivio de la tensi\u00f3n y el dolor muscular, la relajaci\u00f3n profunda, la mejora del funcionamiento de aparato digestivo y la calidad del sue\u00f1o, a liberar emociones reprimidas y mucho m\u00e1s. Combinamos t\u00e9cnicas quiropr\u00e1cticas, osteop\u00e1ticas y de quiromasaje.","publisher":{"@id":"https:\/\/lorem-masaje.es\/#organization"},"potentialAction":[{"@type":"SearchAction","target":{"@type":"EntryPoint","urlTemplate":"https:\/\/lorem-masaje.es\/?s={search_term_string}"},"query-input":"required name=search_term_string"}],"inLanguage":"en-US"},{"@type":"Organization","@id":"https:\/\/lorem-masaje.es\/#organization","name":"Lorem Masaje & Bienestar Barcelona","url":"https:\/\/lorem-masaje.es\/","logo":{"@type":"ImageObject","inLanguage":"en-US","@id":"https:\/\/lorem-masaje.es\/#\/schema\/logo\/image\/","url":"","contentUrl":"","caption":"Lorem Masaje & Bienestar Barcelona"},"image":{"@id":"https:\/\/lorem-masaje.es\/#\/schema\/logo\/image\/"},"sameAs":["https:\/\/www.instagram.com\/lorembcn\/","https:\/\/www.facebook.com\/loremmasaje"]}]}},"_links":{"self":[{"href":"https:\/\/lorem-masaje.es\/en\/wp-json\/wp\/v2\/pages\/107"}],"collection":[{"href":"https:\/\/lorem-masaje.es\/en\/wp-json\/wp\/v2\/pages"}],"about":[{"href":"https:\/\/lorem-masaje.es\/en\/wp-json\/wp\/v2\/types\/page"}],"author":[{"embeddable":true,"href":"https:\/\/lorem-masaje.es\/en\/wp-json\/wp\/v2\/users\/1"}],"replies":[{"embeddable":true,"href":"https:\/\/lorem-masaje.es\/en\/wp-json\/wp\/v2\/comments?post=107"}],"version-history":[{"count":62,"href":"https:\/\/lorem-masaje.es\/en\/wp-json\/wp\/v2\/pages\/107\/revisions"}],"predecessor-version":[{"id":1861,"href":"https:\/\/lorem-masaje.es\/en\/wp-json\/wp\/v2\/pages\/107\/revisions\/1861"}],"wp:featuredmedia":[{"embeddable":true,"href":"https:\/\/lorem-masaje.es\/en\/wp-json\/wp\/v2\/media\/211"}],"wp:attachment":[{"href":"https:\/\/lorem-masaje.es\/en\/wp-json\/wp\/v2\/media?parent=107"}],"curies":[{"name":"wp","href":"https:\/\/api.w.org\/{rel}","templated":true}]}}